{"id":3013,"date":"2017-01-03T13:20:51","date_gmt":"2017-01-03T13:20:51","guid":{"rendered":"http:\/\/konferencija.zvu.hr\/?page_id=3013"},"modified":"2025-10-01T11:13:05","modified_gmt":"2025-10-01T11:13:05","slug":"informacije","status":"publish","type":"page","link":"https:\/\/konferencija.zvu.hr\/prevencijom-do-zdravlja\/homehr\/informacije\/","title":{"rendered":"INFORMACIJE"},"content":{"rendered":"<div class=\"wpb-content-wrapper\"><p>[vc_row][vc_column][vc_column_text css_animation=&#8221;fadeIn&#8221; css=&#8221;&#8221;]<\/p>\n<p style=\"text-align: justify;\"><span style=\"font-size: 12pt;\"><strong>PRIJAVA<\/strong><\/span><\/p>\n<p style=\"text-align: justify;\"><span style=\"font-size: 12pt;\"><em><strong>\u00a0<\/strong><\/em><\/span><\/p>\n<p>&nbsp;<\/p>\n<p style=\"text-align: justify;\"><span style=\"font-size: 12pt;\"><em><strong>Oblici sudjelovanja<\/strong><\/em><\/span><\/p>\n<p style=\"text-align: justify;\"><span style=\"font-size: 12pt;\">Na konferenciji se predvi\u0111aju priop\u0107enja izvornih (originalnih) temeljnih i primijenjenih istra\u017eivanja te teorijskih, preglednih i metodolo\u0161kih radova iz podru\u010dja povezanih s temama konferencije. Tako\u0111er je mogu\u0107e organizirati ili biti sudionik radionica koje \u0107e se u subotu odr\u017eavati u prostoru konferencije.<\/span><\/p>\n<p style=\"text-align: justify;\"><span style=\"font-size: 12pt;\">Rad se mo\u017ee prijaviti u obliku cjelovitog rada te sa\u017eetka.<\/span><\/p>\n<p style=\"text-align: justify;\"><span style=\"font-size: 12pt;\">Prihva\u0107eni sa\u017eeci radova se prezentiraju u obliku oralnih prezentacija (predavanja) ili e-postera, a svi posteri bit \u0107e prikazani u elektroni\u010dkom obliku (e-posteri).<\/span><\/p>\n<p style=\"text-align: justify;\"><span style=\"font-size: 12pt;\">Posteri \u0107e biti prezentirani na glavnom monitoru konferencije, na ra\u010dunalima i monitorima u dvorani za pregledavanje postera te u virtualnom okru\u017eenju na stranicama konferencije.<\/span><\/p>\n<p style=\"text-align: justify;\"><span style=\"font-size: 12pt;\">Programski odbor \u0107e recenzirati prijavljene sa\u017eetke radova i donijeti odluku o njihovu prihva\u0107anju u obliku predavanja ili e-postera. Autori \u0107e na vrijeme biti obavije\u0161teni o vrsti izlaganja od strane Programskog odbora.<\/span><\/p>\n<p style=\"text-align: justify;\"><span style=\"font-size: 12pt;\"><em>\u00a0<\/em><\/span><\/p>\n<p style=\"text-align: justify;\"><span style=\"font-size: 12pt;\"><em><strong>Priprema i oblikovanje sa\u017eetaka<\/strong><\/em><\/span><\/p>\n<p style=\"text-align: justify;\"><span style=\"font-size: 12pt;\">Sa\u017eetak rada treba biti napisan\u00a0<em><strong>na standardnom hrvatskom jeziku<\/strong><\/em>. Sa\u017eeci koji jezi\u010dno zna\u010dajno odstupaju od standarda odabranog jezika, ne\u0107e biti uklju\u010deni u postupak recenzije. Opseg sa\u017eetka mora biti\u00a0<em><strong>od 1500 \u2013 2000 znakova<\/strong><\/em><em>\u00a0<strong>s prazninama<\/strong><\/em>\u00a0i\u00a0<strong>ne uklju\u010duje naslov rada, ime autora i naziv institucije<\/strong>. Ukoliko se radi o prikazu rezultata istra\u017eivanja sa\u017eetak treba sadr\u017eavati uobi\u010dajenu strukturu znanstvenog rada: cilj, metodologiju, rezultate i zaklju\u010dak. Kod teorijskih, preglednih i metodolo\u0161kih radova u sa\u017eetku trebaju biti jasno nazna\u010deni sadr\u017eaji koji daju op\u0107i prikaz teme, bitne dijelove sadr\u017eaja te zaklju\u010dak i implikacije.<\/span><\/p>\n<p style=\"text-align: justify;\"><span style=\"font-size: 12pt;\">Iza sa\u017eetka, na istoj stranici prijave, treba navesti\u00a0<strong>do 3 klju\u010dne rije\u010di.<\/strong><\/span><\/p>\n<p style=\"text-align: justify;\"><span style=\"font-size: 12pt;\"><strong>\u00a0<\/strong><\/span><\/p>\n<p style=\"text-align: justify;\"><span style=\"font-size: 12pt;\"><em><strong>Priprema i oblikovanje cjelovitog rada<\/strong><\/em><\/span><\/p>\n<p style=\"text-align: justify;\"><span style=\"font-size: 12pt;\"><em>Na konferenciji je mogu\u0107e prijaviti i cjeloviti rad. Cjeloviti rad mora napisan prema uputama <strong>\u010casopisa za primijenjene zdravstvene znanosti<\/strong> (eng. Journal of Applied Health Sciences, <strong>JAHS<\/strong>), u \u010dijem konferencijskom broju \u0107e biti objavljen. Molimo da autori slijede upute na ovoj poveznici: <\/em><a href=\"https:\/\/jahs.eu\/hr\/\">https:\/\/jahs.eu\/hr\/<\/a><\/span><\/p>\n<p style=\"text-align: justify;\"><span style=\"font-size: 12pt;\"><em>Ako cjeloviti rad bude prihva\u0107en od strane Programskog odbora, \u0161to \u0107e na vrijeme biti obavije\u0161ten prvi autor rada, rad \u0107e biti objavljen u \u010casopisu u cijelosti. U protivnom, kontaktirati \u0107e se prvi autor te \u0107e dobiti uputu o daljnjim postupcima prijave rada.<\/em><\/span><\/p>\n<p style=\"text-align: justify;\"><span style=\"font-size: 12pt;\"><em>\u00a0<\/em><\/span><\/p>\n<p style=\"text-align: justify;\"><span style=\"font-size: 12pt;\"><em>\u00a0<\/em><\/span><\/p>\n<p style=\"text-align: justify;\"><span style=\"font-size: 12pt;\"><em><strong>Gotovi cjeloviti radovi \u0161alju se na email: <\/strong><\/em><a href=\"mailto:konferencija@zvu.hr\"><strong>konferencija@zvu.hr<\/strong><\/a><em><strong> nakon recenzije sa\u017eetka.<\/strong><\/em><\/span><\/p>\n<p style=\"text-align: justify;\"><span style=\"font-size: 12pt;\"><strong>\u00a0<\/strong><\/span><\/p>\n<p style=\"text-align: justify;\"><span style=\"font-size: 12pt;\"><strong><em>Prezentacije sa\u017eetaka \u2013 E \u2013 posteri<\/em><\/strong><\/span><\/p>\n<p style=\"text-align: justify;\"><span style=\"font-size: 12pt;\">Na konferenciji \u0107e posteri biti prezentirani kao e-posteri. Prezentacija od strane autora odabranih postera, biti \u0107e organizirana prema rasporedu, uz sudjelovanje \u010dlanova Programskog odbora u trajanju od 3 minute po pojedinom posteru.<\/span><\/p>\n<p style=\"text-align: justify;\"><span style=\"font-size: 12pt;\">Posteri \u0107e se mo\u0107i pregledati na glavnom monitoru konferencije; na ra\u010dunalima i monitorima u dvorani za pregledavanje postera te u virtualnom okru\u017eenju na stranicama konferencije.<\/span><\/p>\n<p style=\"text-align: justify;\"><span style=\"font-size: 12pt;\"><strong>\u00a0<\/strong><\/span><\/p>\n<p style=\"text-align: justify;\"><span style=\"font-size: 12pt;\"><strong>Priprema e-postera<\/strong><\/span><\/p>\n<p style=\"text-align: justify;\"><span style=\"font-size: 12pt;\">Nakon prihva\u0107anja sa\u017eetka rada potrebno je pripremiti\u00a0<strong>e-poster<\/strong>. E-poster mo\u017eete pripremiti i spremiti\u00a0<strong>u obliku JPG datoteke ili PowerPoint<\/strong>\u00a0(ppt ili pptx) formatu.<strong>\u00a0<\/strong><\/span><\/p>\n<p style=\"text-align: justify;\"><span style=\"font-size: 12pt;\"><strong>E-POSTERI spremljeni kao JPG datoteka<\/strong><\/span><\/p>\n<p style=\"text-align: justify;\"><span style=\"font-size: 12pt;\">\u2013 dimenzije E-POSTERA moraju biti u pejza\u017enom formatu\u00a0<strong>(16:9)<\/strong>\u00a0ne manje od 1920\u00d71080 piksela.<\/span><br \/>\n<span style=\"font-size: 12pt;\">\u2013 Veli\u010dina datoteke mora biti manja od 10 MB.<\/span><\/p>\n<p style=\"text-align: justify;\"><span style=\"font-size: 12pt;\"><strong>E-POSTER izra\u0111en u PowerPoint formatu i spremljen kao .ppt ili .pptx file<\/strong><\/span><\/p>\n<p style=\"text-align: justify;\"><span style=\"font-size: 12pt;\">\u2013 E-POSTER mora sadr\u017eavati\u00a0<strong>SAMO JEDAN slide<\/strong>\u00a0na kojem je prikazan cijeli sadr\u017eaj postera.<\/span><br \/>\n<span style=\"font-size: 12pt;\">\u2013 Molimo da koristite fontove kompatibilne na PC i Mac operativnim sustavima (Arial, Courier New, Georgia, Helvetica, Times, Times New Roman\u2026)<\/span><br \/>\n<span style=\"font-size: 12pt;\">\u2013 E-POSTERI moraju biti izra\u0111eni u pejza\u017enom\u00a0<strong>(16:9)<\/strong>\u00a0formatu.<\/span><\/p>\n<p style=\"text-align: justify;\"><span style=\"font-size: 12pt;\"><strong>Gotove e-postere autori su du\u017eni poslati na email:\u00a0<\/strong><a href=\"mailto:konferencija@zvu.hr\">konferencija@zvu.hr<\/a>\u00a0<strong><u>najkasnije do 10.10.2025.<\/u><\/strong><\/span><\/p>\n<p style=\"text-align: justify;\"><span style=\"font-size: 12pt;\"><strong><em><br \/>\n<\/em><\/strong><em><strong>Priprema i oblikovanje radionice<\/strong><\/em><\/span><\/p>\n<p style=\"text-align: justify;\"><span style=\"font-size: 12pt;\"><em>Na konferenciji je mogu\u0107e prijaviti se kao voditelj radionice. Ukoliko autori prijavljuju radionicu, potrebno je prilikom prijave odabrati taj oblik sudjelovanja te poslati naslov i sa\u017eetak radionice. <\/em><\/span><\/p>\n<p style=\"text-align: justify;\"><span style=\"font-size: 12pt;\"><em>Za prijavu vo\u0111enja radionice molimo slijediti upute prilikom prijave.<\/em><\/span><\/p>\n<p style=\"text-align: justify;\"><span style=\"font-size: 12pt;\"><em>Voditelji radionica i sudionici radionica dobivaju dodatno bodovanje od strane njihovih komora ili strukovnih razreda, u broju bodova koje odredi komora.<\/em><\/span><\/p>\n<p style=\"text-align: justify;\"><span style=\"font-size: 12pt;\"><em>\u00a0<\/em><\/span><\/p>\n<p style=\"text-align: justify;\"><span style=\"font-size: 12pt;\"><em>\u00a0<\/em><\/span><\/p>\n<p style=\"text-align: justify;\"><span style=\"font-size: 12pt;\"><em><strong>Ostala pravila i informacije<\/strong><\/em><\/span><\/p>\n<p style=\"text-align: justify;\"><span style=\"font-size: 12pt;\">Pla\u0107anje paketa prijave je preduvjet za prihva\u0107anje rada i uklju\u010divanje u program konferencije.<\/span><\/p>\n<p style=\"text-align: justify;\"><span style=\"font-size: 12pt;\">Svi sa\u017eeci, kao i cjeloviti radovi koji budu prihva\u0107eni biti \u0107e objavljeni u <strong><em>JAHS<\/em><\/strong> \u010dasopisu.<\/span><\/p>\n<p style=\"text-align: justify;\"><span style=\"font-size: 12pt;\">Bez upla\u0107ene kotizacije rad ne\u0107e biti objavljen u\u00a0<strong><em>JAHS<\/em><\/strong><strong>-u<\/strong>.<\/span><\/p>\n<p style=\"text-align: justify;\"><span style=\"font-size: 12pt;\">Radovi se mogu izlo\u017eiti na hrvatskom ili engleskom jeziku.<\/span><\/p>\n<p>&nbsp;<\/p>\n<p>Studenti Zdravstvenog veleu\u010dili\u0161ta <strong>koji su diplomirali u 2024. i 2025.g.<\/strong> (uz predo\u010denje uvjerenja prilikom online prijave) <strong>NE PLA\u0106AJU<\/strong> kotizaciju. Ostale tro\u0161kove snose sami.<\/p>\n<p>Studenti ostalih fakulteta<strong> koji imaju status studenta<\/strong> (uz predo\u010denje potvrde prilikom online prijave) pla\u0107aju kotizaciju 30\u20ac. Ostale tro\u0161kove snose sami.[\/vc_column_text][\/vc_column][\/vc_row][vc_row][vc_column width=&#8221;1\/2&#8243;]\r\n\t\t\t\t<div class=\"pricing-table active  hide_pricing_icon\">\r\n\t\t\t\t\t<div class=\"row pricing-title\">\r\n\t\t\t\t\t<div class=\"row pricing-title-content\">VA\u017dNI DATUMI<\/div>\r\n\t\t\t\t\t\t<div class=\"other-text\"><\/div>\r\n\t\t\t\t\t<\/div>\r\n\t\t\t\t\t<div class=\"row pricing\">\r\n\t\t\t\t\t\t<div class=\"col-lg-3 col-md-3 col-sm-3\">\r\n\t\t\t\t\t\t\t<div class=\"row\">\r\n\t\t\t\t\t\t\t\t<div class=\"pricing-img\"><\/div><span class=\"pricing-price\"><span class=\"currency\">&#128;<\/span><\/span><\/div>\r\n\t\t\t\t\t\t<\/div>\r\n\t\t\t\t\t\t<div class=\"pricing-meta\">\r\n\t\t\t\t\t\t\t<span class=\"pricing-time\"><\/span><\/div>\r\n\t\t\t\t\t\t<div class=\"pricing-options-container\"><div class=\"pricing-row\"><span class=\"pricing-value\"><span class=\"pricing-option\"><i class=\"fa fa-check\"><\/i>Prijava teme i slanje sa\u017eetaka do 10.09.2025.<\/span><\/span><\/div><div class=\"pricing-row\"><span class=\"pricing-value\"><span class=\"pricing-option\"><i class=\"fa fa-check\"><\/i>Obavijest o prihva\u0107anju rada 24.09.2025.<\/span><\/span><\/div><div class=\"pricing-row\"><span class=\"pricing-value\"><span class=\"pricing-option\"><i class=\"fa fa-check\"><\/i>Datum po\u010detka konferencije 24.10.2025.<\/span><\/span><\/div><\/div>\r\n\t\t\t\t\t<\/div>\r\n\t\t\t\t<\/div>[\/vc_column][vc_column width=&#8221;1\/2&#8243;]\r\n\t\t\t\t<div class=\"pricing-table active  hide_pricing_icon\">\r\n\t\t\t\t\t<div class=\"row pricing-title\">\r\n\t\t\t\t\t<div class=\"row pricing-title-content\">PAKETI PRIJAVE<\/div>\r\n\t\t\t\t\t\t<div class=\"other-text\"><\/div>\r\n\t\t\t\t\t<\/div>\r\n\t\t\t\t\t<div class=\"row pricing\">\r\n\t\t\t\t\t\t<div class=\"col-lg-3 col-md-3 col-sm-3\">\r\n\t\t\t\t\t\t\t<div class=\"row\">\r\n\t\t\t\t\t\t\t\t<div class=\"pricing-img\"><\/div><span class=\"pricing-price\"><span class=\"currency\">&#128;<\/span><\/span><\/div>\r\n\t\t\t\t\t\t<\/div>\r\n\t\t\t\t\t\t<div class=\"pricing-meta\">\r\n\t\t\t\t\t\t\t<span class=\"pricing-time\"><\/span><\/div>\r\n\t\t\t\t\t\t<div class=\"pricing-options-container\"><div class=\"pricing-row\"><span class=\"pricing-value\"><span class=\"pricing-option\"><i class=\"fa fa-check\"><\/i>Redovna prijava - 200\u20ac<\/span><\/span><\/div><div class=\"pricing-row\"><span class=\"pricing-value\"><span class=\"pricing-option\"><i class=\"fa fa-check\"><\/i>Studenti ostalih fakulteta - 30\u20ac<\/span><\/span><\/div><\/div>\r\n\t\t\t\t\t<\/div>\r\n\t\t\t\t<\/div>[\/vc_column][\/vc_row]<\/p>\n<\/div>","protected":false},"excerpt":{"rendered":"<p>[vc_row][vc_column][vc_column_text css_animation=&#8221;fadeIn&#8221; css=&#8221;&#8221;] PRIJAVA \u00a0 &nbsp; Oblici sudjelovanja Na konferenciji se predvi\u0111aju priop\u0107enja izvornih (originalnih) temeljnih i primijenjenih istra\u017eivanja te teorijskih, preglednih i [&hellip;]<\/p>\n","protected":false},"author":1,"featured_media":0,"parent":2973,"menu_order":6,"comment_status":"closed","ping_status":"closed","template":"","meta":{"footnotes":""},"class_list":["post-3013","page","type-page","status-publish","hentry"],"_links":{"self":[{"href":"https:\/\/konferencija.zvu.hr\/prevencijom-do-zdravlja\/wp-json\/wp\/v2\/pages\/3013","targetHints":{"allow":["GET"]}}],"collection":[{"href":"https:\/\/konferencija.zvu.hr\/prevencijom-do-zdravlja\/wp-json\/wp\/v2\/pages"}],"about":[{"href":"https:\/\/konferencija.zvu.hr\/prevencijom-do-zdravlja\/wp-json\/wp\/v2\/types\/page"}],"author":[{"embeddable":true,"href":"https:\/\/konferencija.zvu.hr\/prevencijom-do-zdravlja\/wp-json\/wp\/v2\/users\/1"}],"replies":[{"embeddable":true,"href":"https:\/\/konferencija.zvu.hr\/prevencijom-do-zdravlja\/wp-json\/wp\/v2\/comments?post=3013"}],"version-history":[{"count":105,"href":"https:\/\/konferencija.zvu.hr\/prevencijom-do-zdravlja\/wp-json\/wp\/v2\/pages\/3013\/revisions"}],"predecessor-version":[{"id":4824,"href":"https:\/\/konferencija.zvu.hr\/prevencijom-do-zdravlja\/wp-json\/wp\/v2\/pages\/3013\/revisions\/4824"}],"up":[{"embeddable":true,"href":"https:\/\/konferencija.zvu.hr\/prevencijom-do-zdravlja\/wp-json\/wp\/v2\/pages\/2973"}],"wp:attachment":[{"href":"https:\/\/konferencija.zvu.hr\/prevencijom-do-zdravlja\/wp-json\/wp\/v2\/media?parent=3013"}],"curies":[{"name":"wp","href":"https:\/\/api.w.org\/{rel}","templated":true}]}}