{"id":3021,"date":"2017-01-03T13:24:18","date_gmt":"2017-01-03T13:24:18","guid":{"rendered":"http:\/\/konferencija.zvu.hr\/?page_id=3021"},"modified":"2025-04-24T07:48:52","modified_gmt":"2025-04-24T07:48:52","slug":"smjestaj","status":"publish","type":"page","link":"https:\/\/konferencija.zvu.hr\/prevencijom-do-zdravlja\/homehr\/smjestaj\/","title":{"rendered":"SMJE\u0160TAJ I PAKETI PRIJAVE"},"content":{"rendered":"<div class=\"wpb-content-wrapper\"><p>[vc_row equal_height=&#8221;yes&#8221; css=&#8221;.vc_custom_1742299564111{background-color: #ffffff !important;}&#8221; el_class=&#8221;container&#8221;][vc_column css_animation=&#8221;fadeIn&#8221; width=&#8221;1\/3&#8243; css=&#8221;.vc_custom_1483051670767{border-right-width: 1px !important;padding-top: 50px !important;padding-bottom: 50px !important;padding-left: 50px !important;border-right-color: rgba(51,51,51,0.12) !important;border-right-style: solid !important;}&#8221;]<div class=\"key-icon-box icon-default icon-top  kd-animated zoomIn \" style=\"background-color: transparent;\" ><i class=\"vc_li vc_li-location\" ><\/i> <h4 class=\"service-heading\" >VIVID ORIGINAL D.O.O.<\/h4><p ><\/p>\n<p style=\"text-align: center;\">Vjekoslava Heinzela 4<br \/>\n10000 ZAGREB<\/p>\n<p><img loading=\"lazy\" decoding=\"async\" class=\"aligncenter wp-image-4760 size-full\" src=\"https:\/\/konferencija.zvu.hr\/obzori-sestrinstva\/wp-content\/uploads\/sites\/6\/VO-2-logo.jpg\" alt=\"\" width=\"157\" height=\"91\" \/><\/p><\/div>[\/vc_column][vc_column css_animation=&#8221;fadeIn&#8221; width=&#8221;1\/3&#8243; css=&#8221;.vc_custom_1483051642998{padding-top: 50px !important;padding-bottom: 50px !important;padding-left: 50px !important;}&#8221;]<div class=\"key-icon-box icon-default icon-top  kd-animated zoomIn \" style=\"background-color: transparent;\" data-animation-delay=200><i class=\"vc_li vc_li-news\" ><\/i> <h4 class=\"service-heading\" >KONTAKT OSOBE<\/h4><p ><\/p>\n<p style=\"text-align: center;\"><strong>Iva \u0160imuni\u0107<\/strong><\/p>\n<p style=\"text-align: center;\">M:+385 91 333 07 33<\/p>\n<p style=\"text-align: center;\">E: <a href=\"mailto:iva.simunic@vivid-original.com\">iva.simunic@vivid-original.com<\/a><\/p>\n<p><\/p><\/div>[\/vc_column][vc_column css_animation=&#8221;fadeIn&#8221; width=&#8221;1\/3&#8243; css=&#8221;.vc_custom_1483051608615{border-left-width: 1px !important;padding-top: 50px !important;padding-bottom: 50px !important;padding-left: 50px !important;border-left-color: rgba(51,51,51,0.12) !important;border-left-style: solid !important;}&#8221;]<div class=\"key-icon-box icon-default icon-top  kd-animated zoomIn p_m0\" style=\"background-color: transparent;\" data-animation-delay=400><i class=\"vc_li vc_li-shop\" ><\/i> <h4 class=\"service-heading\" >SMJE\u0160TAJ<\/h4><p ><strong>Grand Hotel Adriatic Opatija ****<\/strong><\/p>\n<p style=\"text-align: justify;\"><span style=\"font-size: 8pt;\">Grand hotel Adriatic je smje\u0161ten u neposrednoj blizini mora uz prekrasnu \u0161etnicu Lungomare. Svojim jedinstvenim ambijentom i lokacijom odli\u010dan je izbor za opu\u0161tanje i odmor. Kompleks hotela sastoji se od dvije zgrade, Adriatic I i Adriatic II, sa zajedni\u010dkom recepcijom te zajedni\u010dkim hotelskim sadr\u017eajima.<\/span><\/p>\n<h6 style=\"text-align: justify;\"><\/h6>\n<p><strong>Cijene smje\u0161taja:<\/strong><\/p>\n<p><strong>Grand Hotel Adriatic 4*<\/strong><\/p>\n<ul style=\"text-align: justify;\">\n<li><span style=\"font-size: 8pt;\">jednokrevetna soba:\u00a0 \u20ac \u2013 130,00 \u20ac <u>po sobi<\/u> na bazi no\u0107enja s doru\u010dkom<\/span><\/li>\n<li><span style=\"font-size: 8pt;\">dvokreventa soba:\u00a0 \u20ac \u2013 160,00 \u20ac <u>po sobi<\/u> na bazi no\u0107enja s doru\u010dkom<\/span><\/li>\n<\/ul>\n<h6 style=\"text-align: justify;\"><\/h6>\n<p><strong>Grand Hotel Adriatic 3*<\/strong><\/p>\n<ul style=\"text-align: justify;\">\n<li><span style=\"font-size: 8pt;\">jednokrevetna soba:\u00a0 \u20ac \u2013 115,00 <u>po sobi<\/u> na bazi no\u0107enja s doru\u010dkom<\/span><\/li>\n<li><span style=\"font-size: 8pt;\">dvokreventa soba:\u00a0 \u20ac \u2013 145,00 \u20ac <u>po sobi<\/u> na bazi no\u0107enja s doru\u010dkom<\/span><\/li>\n<\/ul>\n<p><strong>Napomene vezane uz smje\u0161taj:<\/strong><\/p>\n<ul style=\"text-align: justify;\">\n<li><span style=\"font-size: 8pt;\">Cijene su izra\u017eene po sobi na bazi no\u0107enja s doru\u010dkom<\/span><\/li>\n<li><span style=\"font-size: 8pt;\">Cijene uklju\u010duju kori\u0161tenje kori\u0161tenje fitness centra i unutarnjeg grijanog bazena hotela<\/span><\/li>\n<li><span style=\"font-size: 8pt;\">Cijene uklju\u010duju kori\u0161tenje WiFi-a u cijelom hotelu<\/span><\/li>\n<li><span style=\"font-size: 8pt;\">Boravi\u0161na pristojba iznosi 1,50 \u20ac po osobi i danu i pla\u0107a se u agenciji prilikom prijave<\/span><\/li>\n<li><span style=\"font-size: 8pt;\">Rezervacija smje\u0161taja se smatra potvr\u0111enom isklju\u010divo nakon uplate<\/span><\/li>\n<li><span style=\"font-size: 8pt;\">Nakon uplate rezervaciju je mogu\u0107e otkazati prema opcijama storno tro\u0161kova ni\u017ee navedenim<\/span><\/li>\n<\/ul>\n<p><em><br \/>\n<\/em><strong>Politika otkazivanja smje\u0161taja:<\/strong><\/p>\n<ul>\n<li style=\"text-align: justify;\"><span style=\"font-size: 8pt;\">Povrat 100% iznosa u slu\u010daju otkazivanja primljenog prije 9. 9. 2025.<\/span><\/li>\n<li style=\"text-align: justify;\"><span style=\"font-size: 8pt;\">Povrat 50% iznosa \u2013 u slu\u010daju otkazivanja zaprimljenog izme\u0111u 9. 9. 2025. i 9. 10. 2025.<\/span><\/li>\n<li>\n<p style=\"text-align: justify;\"><span style=\"font-size: 8pt;\">Bez povrata \u2013 u slu\u010daju otkazivanja primljenog nakon 9. 10. 2025.<\/span><\/p>\n<\/li>\n<\/ul>\n<p><\/p><\/div>[\/vc_column][\/vc_row][vc_row][vc_column css=&#8221;.vc_custom_1483097642779{padding-top: 0px !important;padding-right: 0px !important;padding-bottom: 0px !important;padding-left: 0px !important;}&#8221;][vc_gmaps link=&#8221;#E-8_JTNDaWZyYW1lJTIwc3JjJTNEJTIyaHR0cHMlM0ElMkYlMkZ3d3cuZ29vZ2xlLmNvbSUyRm1hcHMlMkZlbWJlZCUzRnBiJTNEJTIxMW0xOCUyMTFtMTIlMjExbTMlMjExZDc5Ny41MzMyMjU0MDY0NDM1JTIxMmQxNC4yOTg3NTA5ODIwODE1JTIxM2Q0NS4zMjU5NzAyMzU5MDA5NTQlMjEybTMlMjExZjAlMjEyZjAlMjEzZjAlMjEzbTIlMjExaTEwMjQlMjEyaTc2OCUyMTRmMTMuMSUyMTNtMyUyMTFtMiUyMTFzMHg0NzY0YTgwY2IzMjNiZTUzJTI1M0EweGU3YjY5OTRiNjljNDQyZjMlMjEyc0dyYW5kJTI1MjBIb3RlbCUyNTIwQWRyaWF0aWMlMjE1ZTElMjEzbTIlMjExc2hyJTIxMnNociUyMTR2MTc0MjIwMjQxMzgyMSUyMTVtMiUyMTFzaHIlMjEyc2hyJTIyJTIwd2lkdGglM0QlMjI2NDAlMjIlMjBoZWlnaHQlM0QlMjI0ODAlMjIlMjBzdHlsZSUzRCUyMmJvcmRlciUzQTAlM0IlMjIlMjBhbGxvd2Z1bGxzY3JlZW4lM0QlMjIlMjIlMjBsb2FkaW5nJTNEJTIybGF6eSUyMiUyMHJlZmVycmVycG9saWN5JTNEJTIybm8tcmVmZXJyZXItd2hlbi1kb3duZ3JhZGUlMjIlM0UlM0MlMkZpZnJhbWUlM0U=&#8221; css_animation=&#8221;fadeIn&#8221; css=&#8221;.vc_custom_1742202515725{padding-top: 0px !important;padding-right: 0px !important;padding-bottom: 0px !important;padding-left: 0px !important;}&#8221;][\/vc_column][\/vc_row]<\/p>\n<\/div>","protected":false},"excerpt":{"rendered":"<p>[vc_row equal_height=&#8221;yes&#8221; css=&#8221;.vc_custom_1742299564111{background-color: #ffffff !important;}&#8221; el_class=&#8221;container&#8221;][vc_column css_animation=&#8221;fadeIn&#8221; width=&#8221;1\/3&#8243; css=&#8221;.vc_custom_1483051670767{border-right-width: 1px !important;padding-top: 50px !important;padding-bottom: 50px !important;padding-left: 50px !important;border-right-color: rgba(51,51,51,0.12) !important;border-right-style: solid !important;}&#8221;][\/vc_column][vc_column css_animation=&#8221;fadeIn&#8221; width=&#8221;1\/3&#8243; [&hellip;]<\/p>\n","protected":false},"author":1,"featured_media":0,"parent":2973,"menu_order":13,"comment_status":"closed","ping_status":"closed","template":"","meta":{"footnotes":""},"class_list":["post-3021","page","type-page","status-publish","hentry"],"_links":{"self":[{"href":"https:\/\/konferencija.zvu.hr\/prevencijom-do-zdravlja\/wp-json\/wp\/v2\/pages\/3021","targetHints":{"allow":["GET"]}}],"collection":[{"href":"https:\/\/konferencija.zvu.hr\/prevencijom-do-zdravlja\/wp-json\/wp\/v2\/pages"}],"about":[{"href":"https:\/\/konferencija.zvu.hr\/prevencijom-do-zdravlja\/wp-json\/wp\/v2\/types\/page"}],"author":[{"embeddable":true,"href":"https:\/\/konferencija.zvu.hr\/prevencijom-do-zdravlja\/wp-json\/wp\/v2\/users\/1"}],"replies":[{"embeddable":true,"href":"https:\/\/konferencija.zvu.hr\/prevencijom-do-zdravlja\/wp-json\/wp\/v2\/comments?post=3021"}],"version-history":[{"count":38,"href":"https:\/\/konferencija.zvu.hr\/prevencijom-do-zdravlja\/wp-json\/wp\/v2\/pages\/3021\/revisions"}],"predecessor-version":[{"id":4793,"href":"https:\/\/konferencija.zvu.hr\/prevencijom-do-zdravlja\/wp-json\/wp\/v2\/pages\/3021\/revisions\/4793"}],"up":[{"embeddable":true,"href":"https:\/\/konferencija.zvu.hr\/prevencijom-do-zdravlja\/wp-json\/wp\/v2\/pages\/2973"}],"wp:attachment":[{"href":"https:\/\/konferencija.zvu.hr\/prevencijom-do-zdravlja\/wp-json\/wp\/v2\/media?parent=3021"}],"curies":[{"name":"wp","href":"https:\/\/api.w.org\/{rel}","templated":true}]}}